{"id":506,"date":"2023-08-14T06:48:28","date_gmt":"2023-08-14T06:48:28","guid":{"rendered":"https:\/\/jfhairstylist.de\/?page_id=506"},"modified":"2023-08-25T08:03:09","modified_gmt":"2023-08-25T08:03:09","slug":"about","status":"publish","type":"page","link":"https:\/\/jfhairstylist.de\/de\/about","title":{"rendered":"\u00dcber uns"},"content":{"rendered":"<div id=\"fws_69da291f72702\"  data-column-margin=\"default\" data-midnight=\"dark\"  class=\"wpb_row vc_row-fluid vc_row full-width-content vc_row-o-equal-height vc_row-flex vc_row-o-content-top  top_padding_tablet_25pct top_padding_phone_35pct\"  style=\"padding-top: 175px; padding-bottom: 0px; \"><div class=\"row-bg-wrap\" data-bg-animation=\"none\" data-bg-animation-delay=\"\" data-bg-overlay=\"false\"><div class=\"inner-wrap row-bg-layer\" ><div class=\"row-bg viewport-desktop\"  style=\"\"><\/div><\/div><\/div><div class=\"row_col_wrap_12 col span_12 dark left\">\n\t<div  class=\"vc_col-sm-12 wpb_column column_container vc_column_container col no-extra-padding el_spacing_0px inherit_tablet inherit_phone\"  data-padding-pos=\"top-bottom\" data-has-bg-color=\"false\" data-bg-color=\"\" data-bg-opacity=\"1\" data-animation=\"\" data-delay=\"0\" >\n\t\t<div class=\"vc_column-inner\" >\n\t\t\t<div class=\"wpb_wrapper\">\n\t\t\t\t<div id=\"fws_69da291f72d8a\" data-midnight=\"\" data-column-margin=\"none\" class=\"wpb_row vc_row-fluid vc_row inner_row  right_padding_8pct left_padding_8pct\"  style=\"\"><div class=\"row-bg-wrap\"> <div class=\"row-bg\" ><\/div> <\/div><div class=\"row_col_wrap_12_inner col span_12  left\">\n\t<div  class=\"vc_col-sm-12 wpb_column column_container vc_column_container col child_column no-extra-padding el_spacing_0px inherit_tablet inherit_phone\"   data-padding-pos=\"all\" data-has-bg-color=\"false\" data-bg-color=\"\" data-bg-opacity=\"1\" data-animation=\"\" data-delay=\"0\" >\n\t\t<div class=\"vc_column-inner\" >\n\t\t<div class=\"wpb_wrapper\">\n\t\t\t<div class=\"nectar-split-heading  font_size_13vw font_size_tablet_13vw font_line_height_0-8\" data-align=\"center\" data-m-align=\"inherit\" data-text-effect=\"letter-reveal-bottom\" data-animation-type=\"line-reveal-by-space\" data-animation-delay=\"0\" data-animation-offset=\"\" data-m-rm-animation=\"true\" data-stagger=\"\" data-custom-font-size=\"true\" style=\"font-size: 13vw; line-height: 14.3vw;\"><h1 class=\"translation-block\" >\u00dcBER UNS<\/h1><\/div>\n\t\t<\/div> \n\t<\/div>\n\t<\/div> \n<\/div><\/div><div id=\"fws_69da291f73025\" data-midnight=\"\" data-column-margin=\"default\" class=\"wpb_row vc_row-fluid vc_row inner_row\"  style=\"padding-top: 3%; \"><div class=\"row-bg-wrap\"> <div class=\"row-bg\" ><\/div> <\/div><div class=\"row_col_wrap_12_inner col span_12  left\">\n\t<div  class=\"vc_col-sm-12 wpb_column column_container vc_column_container col child_column centered-text has-animation no-extra-padding inherit_tablet inherit_phone mobile-disable-entrance-animation\"   data-padding-pos=\"all\" data-has-bg-color=\"false\" data-bg-color=\"\" data-bg-opacity=\"1\" data-animation=\"fade-in-from-bottom\" data-delay=\"600\" >\n\t\t<div class=\"vc_column-inner\" >\n\t\t<div class=\"wpb_wrapper\">\n\t\t\t\n<div class=\"wpb_text_column wpb_content_element\" >\n\t<div class=\"wpb_wrapper\">\n\t\t<h5>JF Hair Stylist<\/h5>\n\t<\/div>\n<\/div>\n\n\n\n<div class=\"divider-wrap height_tablet_60px height_phone_50px\" data-alignment=\"default\"><div style=\"padding-top: 50px; padding-bottom: 50px;\"  class=\"divider-vertical nectar-bg-black\"><\/div><\/div>\n\t\t<\/div> \n\t<\/div>\n\t<\/div> \n<\/div><\/div>\n\t\t\t<\/div> \n\t\t<\/div>\n\t<\/div> \n<\/div><\/div>\n\t\t<div id=\"fws_69da291f73353\"  data-column-margin=\"default\" data-midnight=\"light\" data-nectar-animate-settings=\"{&quot;animations&quot;:{&quot;desktop&quot;:{&quot;clipPath&quot;:{&quot;start&quot;:&quot;inset(0 14% 0 14% round 20px)&quot;,&quot;end&quot;:&quot;inset(0 0% 0 0% round 0px)&quot;}},&quot;tablet&quot;:{&quot;clipPath&quot;:{&quot;start&quot;:&quot;inset(0 0 0 0 round 0)&quot;,&quot;end&quot;:&quot;inset(0 0 0 0 round 0.1px)&quot;}},&quot;phone&quot;:{&quot;clipPath&quot;:{&quot;start&quot;:&quot;inset(0 0 0 0 round 0)&quot;,&quot;end&quot;:&quot;inset(0 0 0 0 round 0.1px)&quot;}}},&quot;offsets&quot;:{&quot;start&quot;:&quot;0.00&quot;,&quot;end&quot;:&quot;100.00&quot;,&quot;origin&quot;:&quot;top&quot;},&quot;config&quot;:[]}\"  class=\"wpb_row vc_row-fluid vc_row full-width-content vc_row-o-equal-height vc_row-flex vc_row-o-content-top  zindex-set\"  style=\"padding-top: 0px; padding-bottom: 0px;  z-index: 10;\"><div class=\"row-bg-wrap\" data-bg-animation=\"clip-path\" data-bg-animation-delay=\"\" data-bg-overlay=\"false\"><div class=\"inner-wrap row-bg-layer\" style=\"background-color: #000000;\" ><div class=\"row-bg viewport-desktop using-bg-color\"  style=\"background-color: #000000; \"><\/div><\/div><div class=\"row-bg-overlay row-bg-layer\" style=\"background:linear-gradient(0deg, rgba(0,0,0,0.478) 0%, rgba(243,243,243,0) 48%);\"><\/div><\/div><div class=\"row_col_wrap_12 col span_12 light left\">\n\t<div  class=\"vc_col-sm-12 wpb_column column_container vc_column_container col no-extra-padding el_spacing_0px inherit_tablet inherit_phone\"  data-padding-pos=\"all\" data-has-bg-color=\"false\" data-bg-color=\"\" data-bg-opacity=\"1\" data-animation=\"\" data-delay=\"0\" >\n\t\t<div class=\"vc_column-inner\" >\n\t\t\t<div class=\"wpb_wrapper\">\n\t\t\t\t<div class=\"img-with-aniamtion-wrap center\" data-max-width=\"100%\" data-max-width-mobile=\"default\" data-shadow=\"none\" data-animation=\"none\" >\n      <div class=\"inner\">\n        <div class=\"hover-wrap\"> \n          <div class=\"hover-wrap-inner\">\n            <img loading=\"lazy\" decoding=\"async\" class=\"img-with-animation skip-lazy\" data-delay=\"0\" height=\"754\" width=\"1280\" data-animation=\"none\" src=\"https:\/\/jfhairstylist.de\/wp-content\/uploads\/2023\/08\/locken-dark-background.jpg\" alt=\"\" srcset=\"https:\/\/jfhairstylist.de\/wp-content\/uploads\/2023\/08\/locken-dark-background.jpg 1280w, https:\/\/jfhairstylist.de\/wp-content\/uploads\/2023\/08\/locken-dark-background-300x177.jpg 300w, https:\/\/jfhairstylist.de\/wp-content\/uploads\/2023\/08\/locken-dark-background-1024x603.jpg 1024w, https:\/\/jfhairstylist.de\/wp-content\/uploads\/2023\/08\/locken-dark-background-768x452.jpg 768w\" sizes=\"auto, (max-width: 1280px) 100vw, 1280px\" \/>\n          <\/div>\n        <\/div>\n      <\/div>\n    <\/div><div id=\"fws_69da291f73ee2\" data-midnight=\"\" data-column-margin=\"default\" class=\"wpb_row vc_row-fluid vc_row inner_row  no-pointer-events min_width_desktop_100pct row_position_absolute bottom_position_desktop_5vw right_padding_10pct left_padding_10pct\"  style=\" z-index: 1000;\"><div class=\"row-bg-wrap\"> <div class=\"row-bg\" ><\/div> <\/div><div class=\"row_col_wrap_12_inner col span_12  left\">\n\t<div  class=\"vc_col-sm-12 wpb_column column_container vc_column_container col child_column centered-text no-extra-padding el_spacing_5px inherit_tablet inherit_phone\"   data-padding-pos=\"all\" data-has-bg-color=\"false\" data-bg-color=\"\" data-bg-opacity=\"1\" data-animation=\"\" data-delay=\"0\" >\n\t\t<div class=\"vc_column-inner\" >\n\t\t<div class=\"wpb_wrapper\">\n\t\t\t<div class=\"nectar-responsive-text font_size_desktop_5vw font_size_tablet_4vw nectar-link-underline-effect\" style=\"color: #ffffff;\"><h3>JF Hairstylist<\/h3>\n<\/div>\n\t\t<\/div> \n\t<\/div>\n\t<\/div> \n<\/div><\/div>\n\t\t\t<\/div> \n\t\t<\/div>\n\t<\/div> \n<\/div><\/div>\n\t\t<div id=\"about-text\"  data-column-margin=\"default\" data-midnight=\"dark\" data-top-percent=\"8%\" data-bottom-percent=\"7%\"  class=\"wpb_row vc_row-fluid vc_row full-width-section\"  style=\"padding-top: calc(100vw * 0.08); padding-bottom: calc(100vw * 0.07); \"><div class=\"row-bg-wrap\" data-bg-animation=\"none\" data-bg-animation-delay=\"\" data-bg-overlay=\"false\"><div class=\"inner-wrap row-bg-layer\" ><div class=\"row-bg viewport-desktop\"  style=\"\"><\/div><\/div><\/div><div class=\"row_col_wrap_12 col span_12 dark left\">\n\t<div  class=\"vc_col-sm-12 wpb_column column_container vc_column_container col has-animation no-extra-padding inherit_tablet inherit_phone\"  data-padding-pos=\"all\" data-has-bg-color=\"false\" data-bg-color=\"\" data-bg-opacity=\"1\" data-animation=\"fade-in-from-bottom\" data-delay=\"0\" >\n\t\t<div class=\"vc_column-inner\" >\n\t\t\t<div class=\"wpb_wrapper\">\n\t\t\t\t\n<div class=\"wpb_text_column wpb_content_element  vc_custom_1692001502870\" >\n\t<div class=\"wpb_wrapper\">\n\t\t<h2>Als langj\u00e4hriger Friseurmeister und Inhaber von\u00a0 <em><u>JF Hairstylist<\/u><\/em> lege ich gro\u00dfen Wert auf eine ausf\u00fchrliche und pers\u00f6nliche Beratung, um meinen G\u00e4sten ein speziell auf ihren Typ abgestimmtes Styling bieten zu k\u00f6nnen.<\/h2>\n\t<\/div>\n<\/div>\n\n\n\n\n<div class=\"wpb_text_column wpb_content_element\" >\n\t<div class=\"wpb_wrapper\">\n\t\t<h2>Diese individuelle und professionelle Arbeit an und mit unseren Kunden sowie meine \u00dcberzeugung, dass der Friseurberuf gleicherma\u00dfen handwerkliches K\u00f6nnen und k\u00fcnstlerische Gestaltung vereint, bilden die Grundlage meiner Unternehmensphilosophie.<\/h2>\n\t<\/div>\n<\/div>\n\n\n\n<div id=\"fws_69da291f7447a\" data-midnight=\"\" data-column-margin=\"default\" class=\"wpb_row vc_row-fluid vc_row inner_row\"  style=\"\"><div class=\"row-bg-wrap\"> <div class=\"row-bg\" ><\/div> <\/div><div class=\"row_col_wrap_12_inner col span_12  left\">\n\t<div  class=\"vc_col-sm-6 wpb_column column_container vc_column_container col child_column has-animation padding-3-percent inherit_tablet inherit_phone\"   data-padding-pos=\"top-bottom\" data-has-bg-color=\"false\" data-bg-color=\"\" data-bg-opacity=\"1\" data-animation=\"fade-in-from-bottom\" data-delay=\"0\" >\n\t\t<div class=\"vc_column-inner\" >\n\t\t<div class=\"wpb_wrapper\">\n\t\t\t\n<div class=\"wpb_text_column wpb_content_element\" >\n\t<div class=\"wpb_wrapper\">\n\t\t<h2>Ich freue mich darauf, Sie in unserem Friseursalon <em><u>JF Hairstylist<\/u><\/em> begr\u00fc\u00dfen zu d\u00fcrfen.<\/h2>\n\t<\/div>\n<\/div>\n\n\n\n\n\t\t<\/div> \n\t<\/div>\n\t<\/div> \n\n\t<div  class=\"vc_col-sm-6 wpb_column column_container vc_column_container col child_column has-animation padding-3-percent inherit_tablet inherit_phone\"   data-video-bg=\"true\" data-padding-pos=\"top-bottom\" data-has-bg-color=\"false\" data-bg-color=\"\" data-bg-opacity=\"1\" data-animation=\"fade-in-from-bottom\" data-delay=\"100\" >\n\t\t<div class=\"vc_column-inner\" ><div class=\"column-image-bg-wrap column-bg-layer viewport-phone\" data-bg-pos=\"center center\" data-bg-animation=\"none\" data-bg-overlay=\"false\"><div class=\"inner-wrap\"><div class=\"column-image-bg\" style=\" background-image: url('https:\/\/jfhairstylist.de\/wp-content\/uploads\/2023\/08\/a.jpg'); \"><\/div><\/div><\/div>\n  <div class=\"nectar-video-wrap column-bg-layer column-video\">\n        <video class=\"nectar-video-bg\" width=\"1800\" height=\"700\" preload=\"auto\" loop autoplay muted playsinline><source src=\"https:\/\/jfhairstylist.de\/wp-content\/uploads\/2023\/08\/landing-video.mp4\"  type=\"video\/mp4\"><\/video><\/div>\n\t\t<div class=\"wpb_wrapper\">\n\t\t\t<div class=\"img-with-aniamtion-wrap  custom-width-200px looped-animation-rotate\" data-max-width=\"custom\" data-max-width-mobile=\"default\" data-shadow=\"none\" data-animation=\"none\" >\n      <div class=\"inner\">\n        <div class=\"hover-wrap\"> \n          <div class=\"hover-wrap-inner\">\n            <img loading=\"lazy\" decoding=\"async\" class=\"img-with-animation skip-lazy dark-filter\" data-delay=\"0\" height=\"1934\" width=\"1902\" data-animation=\"none\" src=\"https:\/\/jfhairstylist.de\/wp-content\/uploads\/2023\/08\/JF-scrolling-text.png\" alt=\"\" srcset=\"https:\/\/jfhairstylist.de\/wp-content\/uploads\/2023\/08\/JF-scrolling-text.png 1902w, https:\/\/jfhairstylist.de\/wp-content\/uploads\/2023\/08\/JF-scrolling-text-295x300.png 295w, https:\/\/jfhairstylist.de\/wp-content\/uploads\/2023\/08\/JF-scrolling-text-1007x1024.png 1007w, https:\/\/jfhairstylist.de\/wp-content\/uploads\/2023\/08\/JF-scrolling-text-768x781.png 768w, https:\/\/jfhairstylist.de\/wp-content\/uploads\/2023\/08\/JF-scrolling-text-1511x1536.png 1511w\" sizes=\"auto, (max-width: 1902px) 100vw, 1902px\" \/>\n          <\/div>\n        <\/div>\n      <\/div>\n    <\/div>\n\t\t<\/div> \n\t<\/div>\n\t<\/div> \n<\/div><\/div>\n\t\t\t<\/div> \n\t\t<\/div>\n\t<\/div> \n<\/div><\/div>\n\t\t<div id=\"fws_69da291f76392\"  data-column-margin=\"default\" data-midnight=\"dark\" data-top-percent=\"6%\" data-bottom-percent=\"6%\"  class=\"wpb_row vc_row-fluid vc_row full-width-content vc_row-o-equal-height vc_row-flex vc_row-o-content-top parallax_section right_padding_6pct left_padding_6pct top_padding_tablet_10pct top_padding_phone_15pct bottom_padding_tablet_10pct bottom_padding_phone_15pct right_padding_tablet_6pct left_padding_tablet_6pct\"  style=\"padding-top: calc(100vw * 0.06); padding-bottom: calc(100vw * 0.06); \"><div class=\"row-bg-wrap\" data-bg-animation=\"none\" data-bg-animation-delay=\"\" data-bg-overlay=\"false\"><div class=\"inner-wrap row-bg-layer using-image\" ><div class=\"row-bg viewport-desktop using-image\" data-parallax-speed=\"fast\" style=\"background-position: center center; background-repeat: no-repeat; \"><\/div><\/div><\/div><div class=\"row_col_wrap_12 col span_12 dark left\">\n\t<div  class=\"vc_col-sm-12 wpb_column column_container vc_column_container col centered-text has-animation no-extra-padding inherit_tablet inherit_phone\"  data-padding-pos=\"all\" data-has-bg-color=\"false\" data-bg-color=\"\" data-bg-opacity=\"1\" data-animation=\"fade-in-from-bottom\" data-delay=\"0\" >\n\t\t<div class=\"vc_column-inner\" >\n\t\t\t<div class=\"wpb_wrapper\">\n\t\t\t\t\n<div class=\"wpb_text_column wpb_content_element\" >\n\t<div class=\"wpb_wrapper\">\n\t\t<h5>Kundenbewertung<\/h5>\n\t<\/div>\n<\/div>\n\n\n\n<div class=\"testimonial_slider span_12 col font_size_desktop_4vw font_size_tablet_5vw font_line_height_1-1 disable-height-animation\" data-color=\"\" data-rating-color=\"accent-color\" data-controls=\"default\" data-add-border=\"\" data-autorotate=\"\" data-style=\"minimal\" ><div class=\"slides\"><blockquote>  <p><span class=\"open-quote\">&#8220;<\/span>Bester Friseur in der Gegend. Erf\u00fcllt jeden Wunsch! Faire Preise, Top-Beratung und keine langen Wartezeiten! Immer wieder gerne ! \ud83d\ude42 Ich kann es nur empfehlen<span class=\"close-quote\">&#8221;<\/span><span class=\"star-rating-wrap\"> <span class=\"star-rating\"><span style=\"width: 100%;\" class=\"filled\"><\/span><\/span><\/span> <span role=\"none\" class=\"bottom-arrow\"><\/span><\/p><span class=\"testimonial-name\">Zak Neugebauer<\/span><span class=\"title\"><\/span><\/blockquote><blockquote>  <p><span class=\"open-quote\">&#8220;<\/span>Bester Friseur, den ich kenne. War und bin immer sehr zufrieden. Sie hat mir schon oft die Haare gerettet. \ud83d\ude0a Gro\u00dfe Empfehlung!<span class=\"close-quote\">&#8221;<\/span><span class=\"star-rating-wrap\"> <span class=\"star-rating\"><span style=\"width: 100%;\" class=\"filled\"><\/span><\/span><\/span> <span role=\"none\" class=\"bottom-arrow\"><\/span><\/p><span class=\"testimonial-name\">Aura Brooks<\/span><span class=\"title\"><\/span><\/blockquote><blockquote>  <p><span class=\"open-quote\">&#8220;<\/span>Top Friseur. Geht auf Ihre W\u00fcnsche ein, nimmt sich Zeit f\u00fcr Sie und ist ehrlich. Bester Friseur in der Gegend. Ich kann es nur empfehlen.<span class=\"close-quote\">&#8221;<\/span><span class=\"star-rating-wrap\"> <span class=\"star-rating\"><span style=\"width: 100%;\" class=\"filled\"><\/span><\/span><\/span> <span role=\"none\" class=\"bottom-arrow\"><\/span><\/p><span class=\"testimonial-name\">Lisa Nick<\/span><span class=\"title\">Berlin, Germany<\/span><\/blockquote><\/div><\/div>\n\t\t\t<\/div> \n\t\t<\/div>\n\t<\/div> \n<\/div><\/div>","protected":false},"excerpt":{"rendered":"ABOUT US JF Hair Stylist JF Hairstylist As a long-standing master hairdresser and owner of\u00a0 JF Hairstylist hairdresser,...","protected":false},"author":1,"featured_media":0,"parent":0,"menu_order":0,"comment_status":"closed","ping_status":"closed","template":"","meta":{"footnotes":""},"class_list":["post-506","page","type-page","status-publish"],"_links":{"self":[{"href":"https:\/\/jfhairstylist.de\/de\/wp-json\/wp\/v2\/pages\/506","targetHints":{"allow":["GET"]}}],"collection":[{"href":"https:\/\/jfhairstylist.de\/de\/wp-json\/wp\/v2\/pages"}],"about":[{"href":"https:\/\/jfhairstylist.de\/de\/wp-json\/wp\/v2\/types\/page"}],"author":[{"embeddable":true,"href":"https:\/\/jfhairstylist.de\/de\/wp-json\/wp\/v2\/users\/1"}],"replies":[{"embeddable":true,"href":"https:\/\/jfhairstylist.de\/de\/wp-json\/wp\/v2\/comments?post=506"}],"version-history":[{"count":10,"href":"https:\/\/jfhairstylist.de\/de\/wp-json\/wp\/v2\/pages\/506\/revisions"}],"predecessor-version":[{"id":511,"href":"https:\/\/jfhairstylist.de\/de\/wp-json\/wp\/v2\/pages\/506\/revisions\/511"}],"wp:attachment":[{"href":"https:\/\/jfhairstylist.de\/de\/wp-json\/wp\/v2\/media?parent=506"}],"curies":[{"name":"wp","href":"https:\/\/api.w.org\/{rel}","templated":true}]}}