{"id":537,"date":"2023-08-14T11:01:59","date_gmt":"2023-08-14T11:01:59","guid":{"rendered":"https:\/\/jfhairstylist.de\/?page_id=537"},"modified":"2023-08-26T09:40:26","modified_gmt":"2023-08-26T09:40:26","slug":"appointment","status":"publish","type":"page","link":"https:\/\/jfhairstylist.de\/de\/appointment","title":{"rendered":"Termine"},"content":{"rendered":"<div id=\"fws_69da124a83402\"  data-column-margin=\"default\" data-midnight=\"dark\" data-top-percent=\"8%\"  class=\"wpb_row vc_row-fluid vc_row full-width-content vc_row-o-equal-height vc_row-flex vc_row-o-content-middle  zindex-set right_padding_16pct left_padding_16pct top_padding_tablet_20pct top_padding_phone_25pct\"  style=\"padding-top: calc(100vw * 0.08); padding-bottom: 0px;  z-index: 100;\"><div class=\"row-bg-wrap\" data-bg-animation=\"fade-in\" data-bg-animation-delay=\"\" data-bg-overlay=\"false\"><div class=\"inner-wrap row-bg-layer\" ><div class=\"row-bg viewport-desktop\"  style=\"\"><\/div><\/div><\/div><div class=\"row_col_wrap_12 col span_12 dark left\">\n\t<div  class=\"vc_col-sm-12 wpb_column column_container vc_column_container col no-extra-padding inherit_tablet inherit_phone\"  data-padding-pos=\"all\" data-has-bg-color=\"false\" data-bg-color=\"\" data-bg-opacity=\"1\" data-animation=\"\" data-delay=\"0\" >\n\t\t<div class=\"vc_column-inner\" >\n\t\t\t<div class=\"wpb_wrapper\">\n\t\t\t\t<div id=\"fws_69da124a83a9b\" data-midnight=\"\" data-column-margin=\"default\" class=\"wpb_row vc_row-fluid vc_row inner_row vc_row-o-equal-height vc_row-flex vc_row-o-content-middle\"  style=\"\"><div class=\"row-bg-wrap\"> <div class=\"row-bg\" ><\/div> <\/div><div class=\"row_col_wrap_12_inner col span_12  left\">\n\t<div  class=\"vc_col-sm-4\/5 vc_col-md-9 wpb_column column_container vc_column_container col child_column no-extra-padding bottom_margin_tablet_20px inherit_tablet inherit_phone\"    data-t-w-inherits=\"small_desktop\" data-padding-pos=\"all\" data-has-bg-color=\"false\" data-bg-color=\"\" data-bg-opacity=\"1\" data-animation=\"\" data-delay=\"0\" >\n\t\t<div class=\"vc_column-inner\" >\n\t\t<div class=\"wpb_wrapper\">\n\t\t\t<div class=\"nectar-split-heading  font_size_8vw font_size_tablet_9vw font_size_phone_10vw\" data-align=\"default\" data-m-align=\"inherit\" data-text-effect=\"letter-reveal-bottom\" data-animation-type=\"line-reveal-by-space\" data-animation-delay=\"0\" data-animation-offset=\"\" data-m-rm-animation=\"true\" data-stagger=\"true\" data-custom-font-size=\"true\" style=\"font-size: 8vw; line-height: 8.8vw;\"><h1 >Termine<\/h1><\/div>\n\t\t<\/div> \n\t<\/div>\n\t<\/div> \n\n\t<div  class=\"vc_col-sm-1\/5 vc_col-md-3 wpb_column column_container vc_column_container col child_column has-animation no-extra-padding el_spacing_10px inherit_tablet inherit_phone mobile-disable-entrance-animation\"    data-t-w-inherits=\"small_desktop\" data-padding-pos=\"all\" data-has-bg-color=\"false\" data-bg-color=\"\" data-bg-opacity=\"1\" data-animation=\"fade-in-from-bottom\" data-delay=\"500\" >\n\t\t<div class=\"vc_column-inner\" >\n\t\t<div class=\"wpb_wrapper\">\n\t\t\t<div class=\"img-with-aniamtion-wrap center custom-size\" data-max-width=\"100%\" data-max-width-mobile=\"default\" data-shadow=\"none\" data-animation=\"none\" >\n      <div class=\"inner\">\n        <div class=\"hover-wrap\"> \n          <div class=\"hover-wrap-inner\">\n            <img loading=\"lazy\" decoding=\"async\" class=\"img-with-animation skip-lazy\" data-delay=\"0\" height=\"150\" width=\"150\" data-animation=\"none\" src=\"https:\/\/jfhairstylist.de\/wp-content\/uploads\/2023\/08\/h3-img-2-1-150x150.jpg\" alt=\"\" srcset=\"https:\/\/jfhairstylist.de\/wp-content\/uploads\/2023\/08\/h3-img-2-1-150x150.jpg 150w, https:\/\/jfhairstylist.de\/wp-content\/uploads\/2023\/08\/h3-img-2-1-300x300.jpg 300w, https:\/\/jfhairstylist.de\/wp-content\/uploads\/2023\/08\/h3-img-2-1-1024x1024.jpg 1024w, https:\/\/jfhairstylist.de\/wp-content\/uploads\/2023\/08\/h3-img-2-1-768x768.jpg 768w, https:\/\/jfhairstylist.de\/wp-content\/uploads\/2023\/08\/h3-img-2-1-140x140.jpg 140w, https:\/\/jfhairstylist.de\/wp-content\/uploads\/2023\/08\/h3-img-2-1-100x100.jpg 100w, https:\/\/jfhairstylist.de\/wp-content\/uploads\/2023\/08\/h3-img-2-1-500x500.jpg 500w, https:\/\/jfhairstylist.de\/wp-content\/uploads\/2023\/08\/h3-img-2-1-350x350.jpg 350w, https:\/\/jfhairstylist.de\/wp-content\/uploads\/2023\/08\/h3-img-2-1-1000x1000.jpg 1000w, https:\/\/jfhairstylist.de\/wp-content\/uploads\/2023\/08\/h3-img-2-1-800x800.jpg 800w, https:\/\/jfhairstylist.de\/wp-content\/uploads\/2023\/08\/h3-img-2-1.jpg 1100w\" sizes=\"auto, (max-width: 150px) 100vw, 150px\" \/>\n          <\/div>\n        <\/div>\n      <\/div>\n    <\/div>\n\t\t<\/div> \n\t<\/div>\n\t<\/div> \n<\/div><\/div><div class=\"divider-wrap\" data-alignment=\"default\"><div style=\"margin-top: 22.5px; height: 1px; margin-bottom: 22.5px;\" data-width=\"100%\" data-animate=\"yes\" data-animation-delay=\"\" data-color=\"black\" class=\"divider-border\"><\/div><\/div>\n<div class=\"wpb_text_column wpb_content_element  vc_custom_1692011200676\" >\n\t<div class=\"wpb_wrapper\">\n\t\t<h2>F\u00fcllen Sie das Terminformular aus und wir werden uns in K\u00fcrze mit Ihnen in Verbindung setzen, um Ihren Termin zu best\u00e4tigen.<\/h2>\n\t<\/div>\n<\/div>\n\n\n\n<div class=\"nectar-highlighted-text font_size_2vw\" data-style=\"full_text\" data-exp=\"default\" data-using-custom-color=\"true\" data-animation-delay=\"false\" data-color=\"#9ebee7\" data-color-gradient=\"#dcf0ff\" style=\"\">\n<h2>Alternativ rufen Sie uns an\u00a0 <a href=\"tel:+4917680495361\"><strong><em>+49 176 8049 5361<br \/>\n<\/em><\/strong><\/a> Es geht schneller, den Termin telefonisch zu vereinbaren.<\/h2>\n<\/div><div class=\"divider-wrap\" data-alignment=\"default\"><div style=\"margin-top: 22.5px; height: 1px; margin-bottom: 22.5px;\" data-width=\"100%\" data-animate=\"yes\" data-animation-delay=\"\" data-color=\"extra-color-2\" class=\"divider-border\"><\/div><\/div>\n\t\t\t<\/div> \n\t\t<\/div>\n\t<\/div> \n<\/div><\/div>\n\t\t<div id=\"fws_69da124a84d4d\"  data-column-margin=\"default\" data-midnight=\"dark\" data-top-percent=\"8%\" data-bottom-percent=\"8%\" data-nectar-animated-gradient-settings=\"{&quot;color_1&quot;:&quot;#ffac66&quot;,&quot;color_2&quot;:&quot;&quot;,&quot;speed&quot;:&quot;1300&quot;,&quot;blending_mode&quot;:&quot;linear&quot;}\"  class=\"wpb_row vc_row-fluid vc_row full-width-content vc_row-o-equal-height vc_row-flex  zindex-set right_padding_20pct left_padding_20pct top_padding_tablet_20pct top_padding_phone_25pct right_padding_tablet_10pct right_padding_phone_1px left_padding_tablet_10pct left_padding_phone_1px\"  style=\"padding-top: calc(100vw * 0.08); padding-bottom: calc(100vw * 0.08);  z-index: 100;\"><div class=\"row-bg-wrap has-animated-gradient\" data-bg-animation=\"fade-in\" data-bg-animation-delay=\"\" data-bg-overlay=\"false\"><div class=\"inner-wrap row-bg-layer\" style=\"background-color: #98c8e8;\" ><div class=\"row-bg viewport-desktop using-bg-color\"  style=\"background-color: #98c8e8; \"><\/div><\/div><\/div><div class=\"row_col_wrap_12 col span_12 dark left\">\n\t<div  class=\"vc_col-sm-12 wpb_column column_container vc_column_container col no-extra-padding inherit_tablet inherit_phone\"  data-padding-pos=\"all\" data-has-bg-color=\"false\" data-bg-color=\"\" data-bg-opacity=\"1\" data-animation=\"\" data-delay=\"0\" >\n\t\t<div class=\"vc_column-inner\" >\n\t\t\t<div class=\"wpb_wrapper\">\n\t\t\t\t<div id=\"fws_69da124a84f47\" data-midnight=\"\" data-column-margin=\"default\" class=\"wpb_row vc_row-fluid vc_row inner_row vc_row-o-content-middle vc_custom_1692011700946 right_padding_20px left_padding_40px\"  style=\"padding-top: 100px; padding-bottom: 100px; \"><div class=\"row-bg-wrap\"> <div class=\"row-bg\" ><\/div> <\/div><div class=\"row_col_wrap_12_inner col span_12  left\">\n\t<div  class=\"vc_col-sm-12 wpb_column column_container vc_column_container col child_column has-animation no-extra-padding inherit_tablet inherit_phone\"   data-padding-pos=\"all\" data-has-bg-color=\"false\" data-bg-color=\"\" data-bg-opacity=\"1\" data-animation=\"fade-in-from-bottom\" data-delay=\"0\" >\n\t\t<div class=\"vc_column-inner\" >\n\t\t<div class=\"wpb_wrapper\">\n\t\t\t\n<div class=\"wpb_text_column wpb_content_element  vc_custom_1692015345392\" >\n\t<div class=\"wpb_wrapper\">\n\t\t\n<div class=\"wpcf7 no-js\" id=\"wpcf7-f542-o1\" lang=\"en-US\" dir=\"ltr\" data-wpcf7-id=\"542\">\n<div class=\"screen-reader-response\"><p role=\"status\" aria-live=\"polite\" aria-atomic=\"true\"><\/p> <ul><\/ul><\/div>\n<form action=\"\/de\/wp-json\/wp\/v2\/pages\/537#wpcf7-f542-o1\" method=\"post\" class=\"wpcf7-form init\" aria-label=\"Contact form\" novalidate=\"novalidate\" data-status=\"init\" data-trp-original-action=\"\/de\/wp-json\/wp\/v2\/pages\/537#wpcf7-f542-o1\">\n<fieldset class=\"hidden-fields-container\"><input type=\"hidden\" name=\"_wpcf7\" value=\"542\" \/><input type=\"hidden\" name=\"_wpcf7_version\" value=\"6.1.1\" \/><input type=\"hidden\" name=\"_wpcf7_locale\" value=\"en_US\" \/><input type=\"hidden\" name=\"_wpcf7_unit_tag\" value=\"wpcf7-f542-o1\" \/><input type=\"hidden\" name=\"_wpcf7_container_post\" value=\"0\" \/><input type=\"hidden\" name=\"_wpcf7_posted_data_hash\" value=\"\" \/>\n<\/fieldset>\n<p><label> IHRE NAME:<br \/>\n<span class=\"wpcf7-form-control-wrap\" data-name=\"text-575\"><input size=\"40\" maxlength=\"400\" class=\"wpcf7-form-control wpcf7-text wpcf7-validates-as-required\" aria-required=\"true\" aria-invalid=\"false\" placeholder=\"IHRE NAME:\" value=\"\" type=\"text\" name=\"text-575\" \/><\/span> <\/label>\n<\/p>\n<p><label> EMAIL-ADRESSE:<br \/>\n<span class=\"wpcf7-form-control-wrap\" data-name=\"email-873\"><input size=\"40\" maxlength=\"400\" class=\"wpcf7-form-control wpcf7-email wpcf7-validates-as-required wpcf7-text wpcf7-validates-as-email\" aria-required=\"true\" aria-invalid=\"false\" placeholder=\"Email-Adresse:\" value=\"\" type=\"email\" name=\"email-873\" \/><\/span> <\/label>\n<\/p>\n<p><label> TELEFONNUMMER:<br \/>\n<span class=\"wpcf7-form-control-wrap\" data-name=\"tel-856\"><input size=\"40\" maxlength=\"400\" class=\"wpcf7-form-control wpcf7-tel wpcf7-text wpcf7-validates-as-tel\" aria-invalid=\"false\" placeholder=\"TELEFONNUMMER:\" value=\"\" type=\"tel\" name=\"tel-856\" \/><\/span> <\/label>\n<\/p>\n<p><label> W\u00c4HLEN SIE EINEN DIENST AUS:<br \/>\n<span class=\"wpcf7-form-control-wrap\" data-name=\"menu-393\"><select class=\"wpcf7-form-control wpcf7-select wpcf7-validates-as-required\" aria-required=\"true\" aria-invalid=\"false\" multiple=\"multiple\" name=\"menu-393[]\"><option value=\"Hair Cut\">Haare schneiden<\/option><option value=\"Hair Styling\">Haar Styling<\/option><option value=\"Coloration\">F\u00e4rbung<\/option><option value=\"Treatment\">PFLEGE UND BEHANDLUNGEN<\/option><option value=\"Others\">Others<\/option><\/select><\/span> <\/label>\n<\/p>\n<p><label> DATUM &amp; UHRZEIT:<br \/>\n<span class=\"wpcf7-form-control-wrap\" data-name=\"appointment\"><input size=\"40\" maxlength=\"400\" class=\"wpcf7-form-control wpcf7-text wpcf7-validates-as-required walcf7-datetimepicker\" aria-required=\"true\" aria-invalid=\"false\" placeholder=\"Datum und Uhrzeit:\" value=\"\" type=\"text\" name=\"appointment\" \/><\/span> <\/label>\n<\/p>\n<p><label> IHRE NACHRICHT: (optional)<br \/>\n<span class=\"wpcf7-form-control-wrap\" data-name=\"your-message\"><textarea cols=\"40\" rows=\"10\" maxlength=\"2000\" class=\"wpcf7-form-control wpcf7-textarea\" aria-invalid=\"false\" placeholder=\"IHRE NACHRICHT: (optional)\" name=\"your-message\"><\/textarea><\/span> <\/label>\n<\/p>\n<p><input class=\"wpcf7-form-control wpcf7-submit has-spinner\" type=\"submit\" value=\"ABSCHICKEN\" \/>\n<\/p><div class=\"wpcf7-response-output\" aria-hidden=\"true\"><\/div>\n<input type=\"hidden\" name=\"trp-form-language\" value=\"de\"\/><\/form>\n<\/div>\n\n\t<\/div>\n<\/div>\n\n\n\n\n\t\t<\/div> \n\t<\/div>\n\t<\/div> \n<\/div><\/div>\n\t\t\t<\/div> \n\t\t<\/div>\n\t<\/div> \n<\/div><\/div>","protected":false},"excerpt":{"rendered":"Appointments Fill up the Appointment form and we will be intouch shortly to confirm your appointment. Alternatively Call...","protected":false},"author":1,"featured_media":0,"parent":0,"menu_order":0,"comment_status":"closed","ping_status":"closed","template":"","meta":{"footnotes":""},"class_list":["post-537","page","type-page","status-publish"],"_links":{"self":[{"href":"https:\/\/jfhairstylist.de\/de\/wp-json\/wp\/v2\/pages\/537","targetHints":{"allow":["GET"]}}],"collection":[{"href":"https:\/\/jfhairstylist.de\/de\/wp-json\/wp\/v2\/pages"}],"about":[{"href":"https:\/\/jfhairstylist.de\/de\/wp-json\/wp\/v2\/types\/page"}],"author":[{"embeddable":true,"href":"https:\/\/jfhairstylist.de\/de\/wp-json\/wp\/v2\/users\/1"}],"replies":[{"embeddable":true,"href":"https:\/\/jfhairstylist.de\/de\/wp-json\/wp\/v2\/comments?post=537"}],"version-history":[{"count":7,"href":"https:\/\/jfhairstylist.de\/de\/wp-json\/wp\/v2\/pages\/537\/revisions"}],"predecessor-version":[{"id":621,"href":"https:\/\/jfhairstylist.de\/de\/wp-json\/wp\/v2\/pages\/537\/revisions\/621"}],"wp:attachment":[{"href":"https:\/\/jfhairstylist.de\/de\/wp-json\/wp\/v2\/media?parent=537"}],"curies":[{"name":"wp","href":"https:\/\/api.w.org\/{rel}","templated":true}]}}